{"id":2817,"date":"2026-04-07T17:42:46","date_gmt":"2026-04-07T17:42:46","guid":{"rendered":"https:\/\/kilometrowka.net\/?post_type=product&#038;p=2817"},"modified":"2026-04-07T17:44:09","modified_gmt":"2026-04-07T17:44:09","slug":"%d0%b4%d0%be%d1%81%d1%82%d1%83%d0%bf-%d0%b4%d0%be-%d0%bf%d0%bb%d0%b0%d1%82%d1%84%d0%be%d1%80%d0%bc%d0%b8-kilometre-net-%d0%bd%d0%b0-12-%d0%bc%d1%96%d1%81%d1%8f%d1%86%d1%96%d0%b2","status":"publish","type":"product","link":"https:\/\/kilometrowka.net\/uk\/produkt\/dostep-do-platformy-kilometrowka-net-na-12-miesiecy\/","title":{"rendered":"\u0414\u043e\u0441\u0442\u0443\u043f \u0434\u043e \u043f\u043b\u0430\u0442\u0444\u043e\u0440\u043c\u0438 kilometrowka.net \u043d\u0430 12 \u043c\u0456\u0441\u044f\u0446\u0456\u0432."},"content":{"rendered":"<div class=\"flex flex-column justify-content-start gap-5 card-header\">\n<div class=\"font-bold text-lg text-center plan-badge\"><span class=\"badge-price\">\u0414\u043e\u0441\u0442\u0443\u043f \u0434\u043e \u043f\u043b\u0430\u0442\u0444\u043e\u0440\u043c\u0438 kilometrowka.net \u0437\u0430 \u0446\u0456\u043d\u043e\u044e 8,25 \u0437\u043b\u043e\u0442\u0438\u0445<\/span>\u00a0\/\u00a0<span class=\"badge-period\">\u043c\u0456\u0441\u044f\u0446\u044c (\u043f\u0435\u0440\u0435\u0434\u043f\u043b\u0430\u0442\u0430 \u043e\u043f\u043b\u0430\u0447\u0443\u0454\u0442\u044c\u0441\u044f \u043d\u0430\u043f\u0435\u0440\u0435\u0434 \u043d\u0430 \u043e\u0434\u0438\u043d \u0440\u0456\u043a)<\/span><\/div>\n<div>\u042f\u043a\u0449\u043e \u0432\u0438 \u043a\u0443\u043f\u0443\u0454\u0442\u0435 GPS-\u043f\u0440\u0438\u0441\u0442\u0440\u0456\u0439, \u0432\u0430\u043c \u0442\u0430\u043a\u043e\u0436 \u043f\u043e\u0442\u0440\u0456\u0431\u0435\u043d \u0434\u043e\u0441\u0442\u0443\u043f \u0434\u043e \u043f\u043b\u0430\u0442\u0444\u043e\u0440\u043c\u0438.<\/div>\n<div>\u042f\u043a\u0449\u043e \u0432\u0430\u043c \u043d\u0435 \u043f\u043e\u0442\u0440\u0456\u0431\u0435\u043d GPS-\u043f\u0440\u0438\u0441\u0442\u0440\u0456\u0439, \u0432\u0438 \u043c\u043e\u0436\u0435\u0442\u0435 \u0432\u0456\u0434\u0441\u0442\u0435\u0436\u0443\u0432\u0430\u0442\u0438 \u0441\u0432\u0456\u0439 \u043f\u0440\u043e\u0431\u0456\u0433 \u0443 \u043f\u0440\u043e\u0433\u0440\u0430\u043c\u0456 \u0431\u0435\u0437 \u043d\u044c\u043e\u0433\u043e.<\/div>\n<\/div>\n<div class=\"button-header\"><\/div>\n<div>\u0424\u0443\u043d\u043a\u0446\u0456\u043e\u043d\u0430\u043b\u044c\u043d\u0456\u0441\u0442\u044c:<\/div>\n<div class=\"card-content ng-star-inserted\">\n<ul class=\"list-none p-0 m-0 font-light\">\n<li class=\"flex align-items-center mb-3 ng-star-inserted\"><i class=\"pi pi-check mr-2 text-purple-600\"><\/i>\u0420\u043e\u0437\u0434\u0440\u0443\u043a\u0456\u0432\u043a\u0430 \u043f\u0440\u043e\u0431\u0456\u0433\u0443 \u0442\u0440\u0430\u043d\u0441\u043f\u043e\u0440\u0442\u043d\u043e\u0433\u043e \u0437\u0430\u0441\u043e\u0431\u0443 \u0434\u043b\u044f \u043e\u0431\u043b\u0456\u043a\u0443 \u041f\u0414\u0412 (\u0431\u043e\u0440\u0442\u043e\u0432\u0438\u0439 \u0436\u0443\u0440\u043d\u0430\u043b \u0432\u043e\u0434\u0456\u044f)<\/li>\n<li class=\"flex align-items-center mb-3 ng-star-inserted\"><i class=\"pi pi-check mr-2 text-purple-600\"><\/i>\u0420\u043e\u0437\u0434\u0440\u0443\u043a\u0456\u0432\u043a\u0430 \u043f\u0440\u043e\u0431\u0456\u0433\u0443 \u043f\u0440\u0438\u0432\u0430\u0442\u043d\u0438\u0445 \u0430\u0432\u0442\u043e\u043c\u043e\u0431\u0456\u043b\u0456\u0432, \u0449\u043e \u0432\u0438\u043a\u043e\u0440\u0438\u0441\u0442\u043e\u0432\u0443\u044e\u0442\u044c\u0441\u044f \u0443 \u0441\u043b\u0443\u0436\u0431\u043e\u0432\u0438\u0445 \u0446\u0456\u043b\u044f\u0445 (\u043a\u0456\u043b\u043e\u043c\u0435\u0442\u0440\u0430\u0436)<\/li>\n<li class=\"flex align-items-center mb-3 ng-star-inserted\"><i class=\"pi pi-check mr-2 text-purple-600\"><\/i>\u041c\u043e\u0436\u043b\u0438\u0432\u0456\u0441\u0442\u044c \u0434\u043e\u0434\u0430\u0432\u0430\u043d\u043d\u044f \u0434\u0435\u043a\u0456\u043b\u044c\u043a\u043e\u0445 \u0434\u0440\u0430\u0439\u0432\u0435\u0440\u0456\u0432<\/li>\n<li class=\"flex align-items-center mb-3 ng-star-inserted\"><i class=\"pi pi-check mr-2 text-purple-600\"><\/i>\u041c\u043e\u0436\u043b\u0438\u0432\u0456\u0441\u0442\u044c \u0434\u043e\u0434\u0430\u0432\u0430\u043d\u043d\u044f \u0434\u0435\u043a\u0456\u043b\u044c\u043a\u043e\u0445 \u0442\u0440\u0430\u043d\u0441\u043f\u043e\u0440\u0442\u043d\u0438\u0445 \u0437\u0430\u0441\u043e\u0431\u0456\u0432<\/li>\n<li class=\"flex align-items-center mb-3 ng-star-inserted\"><i class=\"pi pi-check mr-2 text-purple-600\"><\/i>\u0410\u0432\u0442\u043e\u043c\u0430\u0442\u0438\u0447\u043d\u0456 \u043f\u0440\u043e\u043f\u043e\u0437\u0438\u0446\u0456\u0457 \u043c\u0430\u0440\u0448\u0440\u0443\u0442\u0456\u0432<\/li>\n<li class=\"flex align-items-center mb-3 ng-star-inserted\"><i class=\"pi pi-check mr-2 text-purple-600\"><\/i>\u0414\u0443\u0431\u043b\u044e\u0432\u0430\u043d\u043d\u044f \u0441\u0445\u043e\u0436\u0438\u0445 \u0437\u0430\u043f\u0438\u0441\u0456\u0432<\/li>\n<\/ul>\n<\/div>","protected":false},"excerpt":{"rendered":"<div class=\"font-bold text-lg text-center plan-badge\">\u0414\u043e\u0441\u0442\u0443\u043f \u0434\u043e \u043f\u043b\u0430\u0442\u0444\u043e\u0440\u043c\u0438 https:\/\/kilometrowka.net\/app \u043d\u0430 12 \u043c\u0456\u0441\u044f\u0446\u0456\u0432 - 99 \u0437\u043b\u043e\u0442\u0438\u0445 \u043d\u0435\u0442\u0442\u043e \/ 121,77 \u0431\u0440\u0443\u0442\u0442\u043e.<\/div>\n<div><\/div>\n<div>\u042f\u043a\u0449\u043e \u0432\u0438 \u043a\u0443\u043f\u0443\u0454\u0442\u0435 GPS-\u043f\u0440\u0438\u0441\u0442\u0440\u0456\u0439, \u0432\u0430\u043c \u0442\u0430\u043a\u043e\u0436 \u043f\u043e\u0442\u0440\u0456\u0431\u0435\u043d \u0434\u043e\u0441\u0442\u0443\u043f \u0434\u043e \u043f\u043b\u0430\u0442\u0444\u043e\u0440\u043c\u0438.<\/div>\n<div><\/div>\n<div>\u0412\u0430\u043c \u043f\u043e\u0442\u0440\u0456\u0431\u0435\u043d \u043b\u0438\u0448\u0435 \u043e\u0434\u0438\u043d \u0434\u043e\u0441\u0442\u0443\u043f \u0434\u043e \u043f\u043b\u0430\u0442\u0444\u043e\u0440\u043c\u0438, \u043d\u0435\u0437\u0430\u043b\u0435\u0436\u043d\u043e \u0432\u0456\u0434 \u043a\u0456\u043b\u044c\u043a\u043e\u0441\u0442\u0456 GPS-\u043f\u0440\u0438\u0441\u0442\u0440\u043e\u0457\u0432 \u0443 \u0432\u0430\u0448\u0456\u0439 \u043a\u043e\u043c\u043f\u0430\u043d\u0456\u0457.<\/div>\n<div><\/div>","protected":false},"featured_media":2165,"comment_status":"open","ping_status":"closed","template":"","meta":{"neve_meta_sidebar":"","neve_meta_container":"","neve_meta_enable_content_width":"off","neve_meta_content_width":100,"neve_meta_title_alignment":"","neve_meta_author_avatar":"","neve_post_elements_order":"","neve_meta_disable_header":"","neve_meta_disable_footer":"","neve_meta_disable_title":""},"product_brand":[],"product_cat":[50],"product_tag":[],"class_list":{"0":"post-2817","1":"product","2":"type-product","3":"status-publish","4":"has-post-thumbnail","6":"product_cat-gps-tracker","8":"first","9":"instock","10":"virtual","11":"taxable","12":"purchasable","13":"product-type-simple"},"yoast_head":"<!-- This site is optimized with the Yoast SEO plugin v27.3 - https:\/\/yoast.com\/product\/yoast-seo-wordpress\/ -->\n<title>Dost\u0119p do platformy kilometrowka.net na 12 miesi\u0119cy. - Ewidencji przebiegu pojazdu - program do rozliczania kilometr&oacute;wki<\/title>\n<meta name=\"robots\" content=\"index, follow, max-snippet:-1, max-image-preview:large, max-video-preview:-1\" \/>\n<link rel=\"canonical\" href=\"https:\/\/kilometrowka.net\/uk\/\u043f\u0440\u043e\u0434\u0443\u043a\u0442\/\u0434\u043e\u0441\u0442\u0443\u043f-\u0434\u043e-\u043f\u043b\u0430\u0442\u0444\u043e\u0440\u043c\u0438-kilometre-net-\u043d\u0430-12-\u043c\u0456\u0441\u044f\u0446\u0456\u0432\/\" \/>\n<meta property=\"og:locale\" content=\"uk_UA\" \/>\n<meta property=\"og:type\" content=\"article\" \/>\n<meta property=\"og:title\" content=\"Dost\u0119p do platformy kilometrowka.net na 12 miesi\u0119cy. - Ewidencji przebiegu pojazdu - program do rozliczania kilometr&oacute;wki\" \/>\n<meta property=\"og:description\" content=\"Dost\u0119p do platformy https:\/\/kilometrowka.net\/app na 12 miesi\u0119cy - 99z\u0142 netto \/ 121,77 brutto.  Je\u015bli kupujesz urz\u0105dzenie GPS potrzebujesz te\u017c dost\u0119pu do platformy.  Potrzebujesz tylko jeden dost\u0119p do platformy niezale\u017cnie od ilo\u015bci urz\u0105dze\u0144 GPS uruchomionych w Twojej firmie.\" \/>\n<meta property=\"og:url\" content=\"https:\/\/kilometrowka.net\/uk\/\u043f\u0440\u043e\u0434\u0443\u043a\u0442\/\u0434\u043e\u0441\u0442\u0443\u043f-\u0434\u043e-\u043f\u043b\u0430\u0442\u0444\u043e\u0440\u043c\u0438-kilometre-net-\u043d\u0430-12-\u043c\u0456\u0441\u044f\u0446\u0456\u0432\/\" \/>\n<meta property=\"og:site_name\" content=\"Ewidencji przebiegu pojazdu - program do rozliczania kilometr&oacute;wki\" \/>\n<meta property=\"article:publisher\" content=\"https:\/\/www.facebook.com\/profile.php?id=100088809532867\" \/>\n<meta property=\"article:modified_time\" content=\"2026-04-07T17:44:09+00:00\" \/>\n<meta property=\"og:image\" content=\"https:\/\/kilometrowka.net\/wp-content\/uploads\/2022\/12\/cropped-KilometrowkaLogo.jpg\" \/>\n\t<meta property=\"og:image:width\" content=\"512\" \/>\n\t<meta property=\"og:image:height\" content=\"512\" \/>\n\t<meta property=\"og:image:type\" content=\"image\/jpeg\" \/>\n<meta name=\"twitter:card\" content=\"summary_large_image\" \/>\n<meta name=\"twitter:label1\" content=\"\u041f\u0440\u0438\u0431\u043b. \u0447\u0430\u0441 \u0447\u0438\u0442\u0430\u043d\u043d\u044f\" \/>\n\t<meta name=\"twitter:data1\" content=\"1 \u0445\u0432\u0438\u043b\u0438\u043d\u0430\" \/>\n<script type=\"application\/ld+json\" class=\"yoast-schema-graph\">{\"@context\":\"https:\\\/\\\/schema.org\",\"@graph\":[{\"@type\":\"WebPage\",\"@id\":\"https:\\\/\\\/kilometrowka.net\\\/produkt\\\/dostep-do-platformy-kilometrowka-net-na-12-miesiecy\\\/\",\"url\":\"https:\\\/\\\/kilometrowka.net\\\/produkt\\\/dostep-do-platformy-kilometrowka-net-na-12-miesiecy\\\/\",\"name\":\"Dost\u0119p do platformy kilometrowka.net na 12 miesi\u0119cy. - Ewidencji przebiegu pojazdu - program do rozliczania kilometr&oacute;wki\",\"isPartOf\":{\"@id\":\"https:\\\/\\\/kilometrowka.net\\\/#website\"},\"primaryImageOfPage\":{\"@id\":\"https:\\\/\\\/kilometrowka.net\\\/produkt\\\/dostep-do-platformy-kilometrowka-net-na-12-miesiecy\\\/#primaryimage\"},\"image\":{\"@id\":\"https:\\\/\\\/kilometrowka.net\\\/produkt\\\/dostep-do-platformy-kilometrowka-net-na-12-miesiecy\\\/#primaryimage\"},\"thumbnailUrl\":\"https:\\\/\\\/kilometrowka.net\\\/wp-content\\\/uploads\\\/2022\\\/12\\\/cropped-KilometrowkaLogo.jpg\",\"datePublished\":\"2026-04-07T17:42:46+00:00\",\"dateModified\":\"2026-04-07T17:44:09+00:00\",\"breadcrumb\":{\"@id\":\"https:\\\/\\\/kilometrowka.net\\\/produkt\\\/dostep-do-platformy-kilometrowka-net-na-12-miesiecy\\\/#breadcrumb\"},\"inLanguage\":\"uk\",\"potentialAction\":[{\"@type\":\"ReadAction\",\"target\":[\"https:\\\/\\\/kilometrowka.net\\\/produkt\\\/dostep-do-platformy-kilometrowka-net-na-12-miesiecy\\\/\"]}]},{\"@type\":\"ImageObject\",\"inLanguage\":\"uk\",\"@id\":\"https:\\\/\\\/kilometrowka.net\\\/produkt\\\/dostep-do-platformy-kilometrowka-net-na-12-miesiecy\\\/#primaryimage\",\"url\":\"https:\\\/\\\/kilometrowka.net\\\/wp-content\\\/uploads\\\/2022\\\/12\\\/cropped-KilometrowkaLogo.jpg\",\"contentUrl\":\"https:\\\/\\\/kilometrowka.net\\\/wp-content\\\/uploads\\\/2022\\\/12\\\/cropped-KilometrowkaLogo.jpg\",\"width\":512,\"height\":512},{\"@type\":\"BreadcrumbList\",\"@id\":\"https:\\\/\\\/kilometrowka.net\\\/produkt\\\/dostep-do-platformy-kilometrowka-net-na-12-miesiecy\\\/#breadcrumb\",\"itemListElement\":[{\"@type\":\"ListItem\",\"position\":1,\"name\":\"Strona g\u0142\u00f3wna\",\"item\":\"https:\\\/\\\/kilometrowka.net\\\/\"},{\"@type\":\"ListItem\",\"position\":2,\"name\":\"Sklep\",\"item\":\"https:\\\/\\\/kilometrowka.net\\\/en\\\/store\\\/\"},{\"@type\":\"ListItem\",\"position\":3,\"name\":\"Dost\u0119p do platformy kilometrowka.net na 12 miesi\u0119cy.\"}]},{\"@type\":\"WebSite\",\"@id\":\"https:\\\/\\\/kilometrowka.net\\\/#website\",\"url\":\"https:\\\/\\\/kilometrowka.net\\\/\",\"name\":\"Ewidencji przebiegu pojazdu - program do rozliczania kilometr\u00f3wki\",\"description\":\"Program do generowania i rozliczania kilometr&oacute;wki\",\"publisher\":{\"@id\":\"https:\\\/\\\/kilometrowka.net\\\/#organization\"},\"potentialAction\":[{\"@type\":\"SearchAction\",\"target\":{\"@type\":\"EntryPoint\",\"urlTemplate\":\"https:\\\/\\\/kilometrowka.net\\\/?s={search_term_string}\"},\"query-input\":{\"@type\":\"PropertyValueSpecification\",\"valueRequired\":true,\"valueName\":\"search_term_string\"}}],\"inLanguage\":\"uk\"},{\"@type\":\"Organization\",\"@id\":\"https:\\\/\\\/kilometrowka.net\\\/#organization\",\"name\":\"Ewidencji przebiegu pojazdu - program do rozliczania kilometr\u00f3wki\",\"url\":\"https:\\\/\\\/kilometrowka.net\\\/\",\"logo\":{\"@type\":\"ImageObject\",\"inLanguage\":\"uk\",\"@id\":\"https:\\\/\\\/kilometrowka.net\\\/#\\\/schema\\\/logo\\\/image\\\/\",\"url\":\"https:\\\/\\\/kilometrowka.net\\\/wp-content\\\/uploads\\\/2022\\\/12\\\/KilometrowkaLogo.png\",\"contentUrl\":\"https:\\\/\\\/kilometrowka.net\\\/wp-content\\\/uploads\\\/2022\\\/12\\\/KilometrowkaLogo.png\",\"width\":500,\"height\":500,\"caption\":\"Ewidencji przebiegu pojazdu - program do rozliczania kilometr\u00f3wki\"},\"image\":{\"@id\":\"https:\\\/\\\/kilometrowka.net\\\/#\\\/schema\\\/logo\\\/image\\\/\"},\"sameAs\":[\"https:\\\/\\\/www.facebook.com\\\/profile.php?id=100088809532867\"]}]}<\/script>\n<!-- \/ Yoast SEO plugin. -->","yoast_head_json":{"title":"\u0414\u043e\u0441\u0442\u0443\u043f \u0434\u043e \u043f\u043b\u0430\u0442\u0444\u043e\u0440\u043c\u0438 kilometrowka.net \u043d\u0430 12 \u043c\u0456\u0441\u044f\u0446\u0456\u0432. - \u0416\u0443\u0440\u043d\u0430\u043b \u043f\u0440\u043e\u0431\u0456\u0433\u0443 - \u043f\u0440\u043e\u0433\u0440\u0430\u043c\u0430 \u0440\u0435\u0454\u0441\u0442\u0440\u0430\u0446\u0456\u0457 \u043f\u0440\u043e\u0431\u0456\u0433\u0443","robots":{"index":"index","follow":"follow","max-snippet":"max-snippet:-1","max-image-preview":"max-image-preview:large","max-video-preview":"max-video-preview:-1"},"canonical":"https:\/\/kilometrowka.net\/uk\/\u043f\u0440\u043e\u0434\u0443\u043a\u0442\/\u0434\u043e\u0441\u0442\u0443\u043f-\u0434\u043e-\u043f\u043b\u0430\u0442\u0444\u043e\u0440\u043c\u0438-kilometre-net-\u043d\u0430-12-\u043c\u0456\u0441\u044f\u0446\u0456\u0432\/","og_locale":"uk_UA","og_type":"article","og_title":"Dost\u0119p do platformy kilometrowka.net na 12 miesi\u0119cy. - Ewidencji przebiegu pojazdu - program do rozliczania kilometr&oacute;wki","og_description":"Dost\u0119p do platformy https:\/\/kilometrowka.net\/app na 12 miesi\u0119cy - 99z\u0142 netto \/ 121,77 brutto.  Je\u015bli kupujesz urz\u0105dzenie GPS potrzebujesz te\u017c dost\u0119pu do platformy.  Potrzebujesz tylko jeden dost\u0119p do platformy niezale\u017cnie od ilo\u015bci urz\u0105dze\u0144 GPS uruchomionych w Twojej firmie.","og_url":"https:\/\/kilometrowka.net\/uk\/\u043f\u0440\u043e\u0434\u0443\u043a\u0442\/\u0434\u043e\u0441\u0442\u0443\u043f-\u0434\u043e-\u043f\u043b\u0430\u0442\u0444\u043e\u0440\u043c\u0438-kilometre-net-\u043d\u0430-12-\u043c\u0456\u0441\u044f\u0446\u0456\u0432\/","og_site_name":"Ewidencji przebiegu pojazdu - program do rozliczania kilometr&oacute;wki","article_publisher":"https:\/\/www.facebook.com\/profile.php?id=100088809532867","article_modified_time":"2026-04-07T17:44:09+00:00","og_image":[{"width":512,"height":512,"url":"https:\/\/kilometrowka.net\/wp-content\/uploads\/2022\/12\/cropped-KilometrowkaLogo.jpg","type":"image\/jpeg"}],"twitter_card":"summary_large_image","twitter_misc":{"\u041f\u0440\u0438\u0431\u043b. \u0447\u0430\u0441 \u0447\u0438\u0442\u0430\u043d\u043d\u044f":"1 \u0445\u0432\u0438\u043b\u0438\u043d\u0430"},"schema":{"@context":"https:\/\/schema.org","@graph":[{"@type":"WebPage","@id":"https:\/\/kilometrowka.net\/produkt\/dostep-do-platformy-kilometrowka-net-na-12-miesiecy\/","url":"https:\/\/kilometrowka.net\/produkt\/dostep-do-platformy-kilometrowka-net-na-12-miesiecy\/","name":"\u0414\u043e\u0441\u0442\u0443\u043f \u0434\u043e \u043f\u043b\u0430\u0442\u0444\u043e\u0440\u043c\u0438 kilometrowka.net \u043d\u0430 12 \u043c\u0456\u0441\u044f\u0446\u0456\u0432. - \u0416\u0443\u0440\u043d\u0430\u043b \u043f\u0440\u043e\u0431\u0456\u0433\u0443 - \u043f\u0440\u043e\u0433\u0440\u0430\u043c\u0430 \u0440\u0435\u0454\u0441\u0442\u0440\u0430\u0446\u0456\u0457 \u043f\u0440\u043e\u0431\u0456\u0433\u0443","isPartOf":{"@id":"https:\/\/kilometrowka.net\/#website"},"primaryImageOfPage":{"@id":"https:\/\/kilometrowka.net\/produkt\/dostep-do-platformy-kilometrowka-net-na-12-miesiecy\/#primaryimage"},"image":{"@id":"https:\/\/kilometrowka.net\/produkt\/dostep-do-platformy-kilometrowka-net-na-12-miesiecy\/#primaryimage"},"thumbnailUrl":"https:\/\/kilometrowka.net\/wp-content\/uploads\/2022\/12\/cropped-KilometrowkaLogo.jpg","datePublished":"2026-04-07T17:42:46+00:00","dateModified":"2026-04-07T17:44:09+00:00","breadcrumb":{"@id":"https:\/\/kilometrowka.net\/produkt\/dostep-do-platformy-kilometrowka-net-na-12-miesiecy\/#breadcrumb"},"inLanguage":"uk","potentialAction":[{"@type":"ReadAction","target":["https:\/\/kilometrowka.net\/produkt\/dostep-do-platformy-kilometrowka-net-na-12-miesiecy\/"]}]},{"@type":"ImageObject","inLanguage":"uk","@id":"https:\/\/kilometrowka.net\/produkt\/dostep-do-platformy-kilometrowka-net-na-12-miesiecy\/#primaryimage","url":"https:\/\/kilometrowka.net\/wp-content\/uploads\/2022\/12\/cropped-KilometrowkaLogo.jpg","contentUrl":"https:\/\/kilometrowka.net\/wp-content\/uploads\/2022\/12\/cropped-KilometrowkaLogo.jpg","width":512,"height":512},{"@type":"BreadcrumbList","@id":"https:\/\/kilometrowka.net\/produkt\/dostep-do-platformy-kilometrowka-net-na-12-miesiecy\/#breadcrumb","itemListElement":[{"@type":"ListItem","position":1,"name":"Strona g\u0142\u00f3wna","item":"https:\/\/kilometrowka.net\/"},{"@type":"ListItem","position":2,"name":"Sklep","item":"https:\/\/kilometrowka.net\/en\/store\/"},{"@type":"ListItem","position":3,"name":"Dost\u0119p do platformy kilometrowka.net na 12 miesi\u0119cy."}]},{"@type":"WebSite","@id":"https:\/\/kilometrowka.net\/#website","url":"https:\/\/kilometrowka.net\/","name":"\u0411\u043e\u0440\u0442\u043e\u0432\u0438\u0439 \u0436\u0443\u0440\u043d\u0430\u043b \u0432\u043e\u0434\u0456\u044f - \u043f\u0440\u043e\u0433\u0440\u0430\u043c\u043d\u0435 \u0437\u0430\u0431\u0435\u0437\u043f\u0435\u0447\u0435\u043d\u043d\u044f \u0434\u043b\u044f \u043d\u0430\u0440\u0430\u0445\u0443\u0432\u0430\u043d\u043d\u044f \u043f\u0440\u043e\u0431\u0456\u0433\u0443","description":"\u041f\u0440\u043e\u0433\u0440\u0430\u043c\u0430 \u0434\u043b\u044f \u0433\u0435\u043d\u0435\u0440\u0430\u0446\u0456\u0457 \u0442\u0430 \u043e\u0431\u043b\u0456\u043a\u0443 \u0434\u0430\u043d\u0438\u0445 \u043f\u0440\u043e \u043f\u0440\u043e\u0431\u0456\u0433","publisher":{"@id":"https:\/\/kilometrowka.net\/#organization"},"potentialAction":[{"@type":"SearchAction","target":{"@type":"EntryPoint","urlTemplate":"https:\/\/kilometrowka.net\/?s={search_term_string}"},"query-input":{"@type":"PropertyValueSpecification","valueRequired":true,"valueName":"search_term_string"}}],"inLanguage":"uk"},{"@type":"Organization","@id":"https:\/\/kilometrowka.net\/#organization","name":"\u0411\u043e\u0440\u0442\u043e\u0432\u0438\u0439 \u0436\u0443\u0440\u043d\u0430\u043b \u0432\u043e\u0434\u0456\u044f - \u043f\u0440\u043e\u0433\u0440\u0430\u043c\u043d\u0435 \u0437\u0430\u0431\u0435\u0437\u043f\u0435\u0447\u0435\u043d\u043d\u044f \u0434\u043b\u044f \u043d\u0430\u0440\u0430\u0445\u0443\u0432\u0430\u043d\u043d\u044f \u043f\u0440\u043e\u0431\u0456\u0433\u0443","url":"https:\/\/kilometrowka.net\/","logo":{"@type":"ImageObject","inLanguage":"uk","@id":"https:\/\/kilometrowka.net\/#\/schema\/logo\/image\/","url":"https:\/\/kilometrowka.net\/wp-content\/uploads\/2022\/12\/KilometrowkaLogo.png","contentUrl":"https:\/\/kilometrowka.net\/wp-content\/uploads\/2022\/12\/KilometrowkaLogo.png","width":500,"height":500,"caption":"Ewidencji przebiegu pojazdu - program do rozliczania kilometr\u00f3wki"},"image":{"@id":"https:\/\/kilometrowka.net\/#\/schema\/logo\/image\/"},"sameAs":["https:\/\/www.facebook.com\/profile.php?id=100088809532867"]}]}},"_links":{"self":[{"href":"https:\/\/kilometrowka.net\/uk\/wp-json\/wp\/v2\/product\/2817","targetHints":{"allow":["GET"]}}],"collection":[{"href":"https:\/\/kilometrowka.net\/uk\/wp-json\/wp\/v2\/product"}],"about":[{"href":"https:\/\/kilometrowka.net\/uk\/wp-json\/wp\/v2\/types\/product"}],"replies":[{"embeddable":true,"href":"https:\/\/kilometrowka.net\/uk\/wp-json\/wp\/v2\/comments?post=2817"}],"wp:featuredmedia":[{"embeddable":true,"href":"https:\/\/kilometrowka.net\/uk\/wp-json\/wp\/v2\/media\/2165"}],"wp:attachment":[{"href":"https:\/\/kilometrowka.net\/uk\/wp-json\/wp\/v2\/media?parent=2817"}],"wp:term":[{"taxonomy":"product_brand","embeddable":true,"href":"https:\/\/kilometrowka.net\/uk\/wp-json\/wp\/v2\/product_brand?post=2817"},{"taxonomy":"product_cat","embeddable":true,"href":"https:\/\/kilometrowka.net\/uk\/wp-json\/wp\/v2\/product_cat?post=2817"},{"taxonomy":"product_tag","embeddable":true,"href":"https:\/\/kilometrowka.net\/uk\/wp-json\/wp\/v2\/product_tag?post=2817"}],"curies":[{"name":"wp","href":"https:\/\/api.w.org\/{rel}","templated":true}]}}