{"id":2820,"date":"2026-04-07T18:22:20","date_gmt":"2026-04-07T18:22:20","guid":{"rendered":"https:\/\/kilometrowka.net\/?post_type=product&#038;p=2820"},"modified":"2026-04-07T18:24:01","modified_gmt":"2026-04-07T18:24:01","slug":"%d0%bf%d0%be%d0%b4%d0%be%d0%b2%d0%b6%d1%83%d0%b2%d0%b0%d1%87-%d0%ba%d0%b0%d0%b1%d0%b5%d0%bb%d1%8e-cat-%d0%b4%d0%bb%d1%8f-%d0%bf%d1%96%d0%b4%d0%ba%d0%bb%d1%8e%d1%87%d0%b5%d0%bd%d0%bd%d1%8f-gps-%d1%82","status":"publish","type":"product","link":"https:\/\/kilometrowka.net\/uk\/produkt\/kabel-katowy-przedluzacz-odb-na-podlaczenia-gps-trackera\/","title":{"rendered":"\u041a\u0443\u0442\u043e\u0432\u0438\u0439 \u043a\u0430\u0431\u0435\u043b\u044c ODB (\u043f\u043e\u0434\u043e\u0432\u0436\u0443\u0432\u0430\u0447) \u0434\u043b\u044f \u043f\u0456\u0434\u043a\u043b\u044e\u0447\u0435\u043d\u043d\u044f GPS-\u0442\u0440\u0435\u043a\u0435\u0440\u0430"},"content":{"rendered":"<p>\u042f\u043a\u0449\u043e \u0437 \u044f\u043a\u0438\u0445\u043e\u0441\u044c \u043f\u0440\u0438\u0447\u0438\u043d \u0432\u0438 \u043d\u0435 \u043c\u043e\u0436\u0435\u0442\u0435 \u0432\u0441\u0442\u0430\u043d\u043e\u0432\u0438\u0442\u0438 \u0441\u0442\u0430\u043d\u0434\u0430\u0440\u0442\u043d\u0435 \u0441\u0438\u0434\u0456\u043d\u043d\u044f \u0443 \u0432\u0430\u0448\u043e\u043c\u0443 \u0430\u0432\u0442\u043e\u043c\u043e\u0431\u0456\u043b\u0456<br \/>\n\u0414\u043b\u044f \u043f\u043e\u043b\u0435\u0433\u0448\u0435\u043d\u043d\u044f \u043c\u043e\u043d\u0442\u0430\u0436\u0443 GPS-\u043f\u0440\u0438\u0441\u0442\u0440\u043e\u044e \u0432\u0438\u043a\u043e\u0440\u0438\u0441\u0442\u043e\u0432\u0443\u0454\u0442\u044c\u0441\u044f \u043f\u043e\u0434\u043e\u0432\u0436\u0443\u0432\u0430\u0447 \u043a\u0443\u0442\u0430 \u043d\u0430\u0445\u0438\u043b\u0443.<\/p>","protected":false},"excerpt":{"rendered":"<p>\u041a\u0443\u0442\u043e\u0432\u0438\u0439 \u043f\u043e\u0434\u043e\u0432\u0436\u0443\u0432\u0430\u0447 \u0434\u043b\u044f \u0430\u0432\u0442\u043e\u043c\u043e\u0431\u0456\u043b\u044c\u043d\u043e\u0433\u043e \u0440\u043e\u0437'\u0454\u043c\u0443 ODB ISO - \u0456\u0434\u0435\u0430\u043b\u044c\u043d\u043e \u043f\u0456\u0434\u0445\u043e\u0434\u0438\u0442\u044c \u0434\u043b\u044f \u043a\u0440\u0456\u043f\u043b\u0435\u043d\u043d\u044f GPS-\u0442\u0440\u0435\u043a\u0435\u0440\u0430.<\/p>\n<p>&nbsp;<\/p>","protected":false},"featured_media":2821,"comment_status":"open","ping_status":"closed","template":"","meta":{"neve_meta_sidebar":"","neve_meta_container":"","neve_meta_enable_content_width":"off","neve_meta_content_width":100,"neve_meta_title_alignment":"","neve_meta_author_avatar":"","neve_post_elements_order":"","neve_meta_disable_header":"","neve_meta_disable_footer":"","neve_meta_disable_title":""},"product_brand":[],"product_cat":[49],"product_tag":[],"class_list":{"0":"post-2820","1":"product","2":"type-product","3":"status-publish","4":"has-post-thumbnail","6":"product_cat-bez-kategorii","8":"first","9":"instock","10":"taxable","11":"shipping-taxable","12":"purchasable","13":"product-type-simple"},"yoast_head":"<!-- This site is optimized with the Yoast SEO plugin v27.3 - https:\/\/yoast.com\/product\/yoast-seo-wordpress\/ -->\n<title>Kabel k\u0105towy (przed\u0142u\u017cacz) ODB na pod\u0142\u0105czenia GPS Trackera - Ewidencji przebiegu pojazdu - program do rozliczania kilometr&oacute;wki<\/title>\n<meta name=\"robots\" content=\"index, follow, max-snippet:-1, max-image-preview:large, max-video-preview:-1\" \/>\n<link rel=\"canonical\" href=\"https:\/\/kilometrowka.net\/uk\/\u043f\u0440\u043e\u0434\u0443\u043a\u0442\/\u043f\u043e\u0434\u043e\u0432\u0436\u0443\u0432\u0430\u0447-\u043a\u0430\u0431\u0435\u043b\u044e-cat-\u0434\u043b\u044f-\u043f\u0456\u0434\u043a\u043b\u044e\u0447\u0435\u043d\u043d\u044f-gps-\u0442\/\" \/>\n<meta property=\"og:locale\" content=\"uk_UA\" \/>\n<meta property=\"og:type\" content=\"article\" \/>\n<meta property=\"og:title\" content=\"Kabel k\u0105towy (przed\u0142u\u017cacz) ODB na pod\u0142\u0105czenia GPS Trackera - Ewidencji przebiegu pojazdu - program do rozliczania kilometr&oacute;wki\" \/>\n<meta property=\"og:description\" content=\"Przed\u0142u\u017cacz k\u0105towy do samochodowego z\u0142\u0105cza ODB ISO - idealny przy monta\u017cu trackera GPS.  &nbsp;\" \/>\n<meta property=\"og:url\" content=\"https:\/\/kilometrowka.net\/uk\/\u043f\u0440\u043e\u0434\u0443\u043a\u0442\/\u043f\u043e\u0434\u043e\u0432\u0436\u0443\u0432\u0430\u0447-\u043a\u0430\u0431\u0435\u043b\u044e-cat-\u0434\u043b\u044f-\u043f\u0456\u0434\u043a\u043b\u044e\u0447\u0435\u043d\u043d\u044f-gps-\u0442\/\" \/>\n<meta property=\"og:site_name\" content=\"Ewidencji przebiegu pojazdu - program do rozliczania kilometr&oacute;wki\" \/>\n<meta property=\"article:publisher\" content=\"https:\/\/www.facebook.com\/profile.php?id=100088809532867\" \/>\n<meta property=\"article:modified_time\" content=\"2026-04-07T18:24:01+00:00\" \/>\n<meta property=\"og:image\" content=\"https:\/\/kilometrowka.net\/wp-content\/uploads\/2026\/04\/kabel_katowy_odb_iso_przedluzacz.jpg\" \/>\n\t<meta property=\"og:image:width\" content=\"1920\" \/>\n\t<meta property=\"og:image:height\" content=\"2560\" \/>\n\t<meta property=\"og:image:type\" content=\"image\/jpeg\" \/>\n<meta name=\"twitter:card\" content=\"summary_large_image\" \/>\n<meta name=\"twitter:label1\" content=\"\u041f\u0440\u0438\u0431\u043b. \u0447\u0430\u0441 \u0447\u0438\u0442\u0430\u043d\u043d\u044f\" \/>\n\t<meta name=\"twitter:data1\" content=\"1 \u0445\u0432\u0438\u043b\u0438\u043d\u0430\" \/>\n<script type=\"application\/ld+json\" class=\"yoast-schema-graph\">{\"@context\":\"https:\\\/\\\/schema.org\",\"@graph\":[{\"@type\":\"WebPage\",\"@id\":\"https:\\\/\\\/kilometrowka.net\\\/produkt\\\/kabel-katowy-przedluzacz-odb-na-podlaczenia-gps-trackera\\\/\",\"url\":\"https:\\\/\\\/kilometrowka.net\\\/produkt\\\/kabel-katowy-przedluzacz-odb-na-podlaczenia-gps-trackera\\\/\",\"name\":\"Kabel k\u0105towy (przed\u0142u\u017cacz) ODB na pod\u0142\u0105czenia GPS Trackera - Ewidencji przebiegu pojazdu - program do rozliczania kilometr&oacute;wki\",\"isPartOf\":{\"@id\":\"https:\\\/\\\/kilometrowka.net\\\/#website\"},\"primaryImageOfPage\":{\"@id\":\"https:\\\/\\\/kilometrowka.net\\\/produkt\\\/kabel-katowy-przedluzacz-odb-na-podlaczenia-gps-trackera\\\/#primaryimage\"},\"image\":{\"@id\":\"https:\\\/\\\/kilometrowka.net\\\/produkt\\\/kabel-katowy-przedluzacz-odb-na-podlaczenia-gps-trackera\\\/#primaryimage\"},\"thumbnailUrl\":\"https:\\\/\\\/kilometrowka.net\\\/wp-content\\\/uploads\\\/2026\\\/04\\\/kabel_katowy_odb_iso_przedluzacz.jpg\",\"datePublished\":\"2026-04-07T18:22:20+00:00\",\"dateModified\":\"2026-04-07T18:24:01+00:00\",\"breadcrumb\":{\"@id\":\"https:\\\/\\\/kilometrowka.net\\\/produkt\\\/kabel-katowy-przedluzacz-odb-na-podlaczenia-gps-trackera\\\/#breadcrumb\"},\"inLanguage\":\"uk\",\"potentialAction\":[{\"@type\":\"ReadAction\",\"target\":[\"https:\\\/\\\/kilometrowka.net\\\/produkt\\\/kabel-katowy-przedluzacz-odb-na-podlaczenia-gps-trackera\\\/\"]}]},{\"@type\":\"ImageObject\",\"inLanguage\":\"uk\",\"@id\":\"https:\\\/\\\/kilometrowka.net\\\/produkt\\\/kabel-katowy-przedluzacz-odb-na-podlaczenia-gps-trackera\\\/#primaryimage\",\"url\":\"https:\\\/\\\/kilometrowka.net\\\/wp-content\\\/uploads\\\/2026\\\/04\\\/kabel_katowy_odb_iso_przedluzacz.jpg\",\"contentUrl\":\"https:\\\/\\\/kilometrowka.net\\\/wp-content\\\/uploads\\\/2026\\\/04\\\/kabel_katowy_odb_iso_przedluzacz.jpg\",\"width\":1920,\"height\":2560,\"caption\":\"Samochodowy Kabel k\u0105towy (przed\u0142u\u017cacz) do z\u0142\u0105cza iso ODB na\"},{\"@type\":\"BreadcrumbList\",\"@id\":\"https:\\\/\\\/kilometrowka.net\\\/produkt\\\/kabel-katowy-przedluzacz-odb-na-podlaczenia-gps-trackera\\\/#breadcrumb\",\"itemListElement\":[{\"@type\":\"ListItem\",\"position\":1,\"name\":\"Strona g\u0142\u00f3wna\",\"item\":\"https:\\\/\\\/kilometrowka.net\\\/\"},{\"@type\":\"ListItem\",\"position\":2,\"name\":\"Sklep\",\"item\":\"https:\\\/\\\/kilometrowka.net\\\/en\\\/store\\\/\"},{\"@type\":\"ListItem\",\"position\":3,\"name\":\"Kabel k\u0105towy (przed\u0142u\u017cacz) ODB na pod\u0142\u0105czenia GPS Trackera\"}]},{\"@type\":\"WebSite\",\"@id\":\"https:\\\/\\\/kilometrowka.net\\\/#website\",\"url\":\"https:\\\/\\\/kilometrowka.net\\\/\",\"name\":\"Ewidencji przebiegu pojazdu - program do rozliczania kilometr\u00f3wki\",\"description\":\"Program do generowania i rozliczania kilometr&oacute;wki\",\"publisher\":{\"@id\":\"https:\\\/\\\/kilometrowka.net\\\/#organization\"},\"potentialAction\":[{\"@type\":\"SearchAction\",\"target\":{\"@type\":\"EntryPoint\",\"urlTemplate\":\"https:\\\/\\\/kilometrowka.net\\\/?s={search_term_string}\"},\"query-input\":{\"@type\":\"PropertyValueSpecification\",\"valueRequired\":true,\"valueName\":\"search_term_string\"}}],\"inLanguage\":\"uk\"},{\"@type\":\"Organization\",\"@id\":\"https:\\\/\\\/kilometrowka.net\\\/#organization\",\"name\":\"Ewidencji przebiegu pojazdu - program do rozliczania kilometr\u00f3wki\",\"url\":\"https:\\\/\\\/kilometrowka.net\\\/\",\"logo\":{\"@type\":\"ImageObject\",\"inLanguage\":\"uk\",\"@id\":\"https:\\\/\\\/kilometrowka.net\\\/#\\\/schema\\\/logo\\\/image\\\/\",\"url\":\"https:\\\/\\\/kilometrowka.net\\\/wp-content\\\/uploads\\\/2022\\\/12\\\/KilometrowkaLogo.png\",\"contentUrl\":\"https:\\\/\\\/kilometrowka.net\\\/wp-content\\\/uploads\\\/2022\\\/12\\\/KilometrowkaLogo.png\",\"width\":500,\"height\":500,\"caption\":\"Ewidencji przebiegu pojazdu - program do rozliczania kilometr\u00f3wki\"},\"image\":{\"@id\":\"https:\\\/\\\/kilometrowka.net\\\/#\\\/schema\\\/logo\\\/image\\\/\"},\"sameAs\":[\"https:\\\/\\\/www.facebook.com\\\/profile.php?id=100088809532867\"]}]}<\/script>\n<!-- \/ Yoast SEO plugin. -->","yoast_head_json":{"title":"\u041a\u0443\u0442\u043e\u0432\u0438\u0439 \u043a\u0430\u0431\u0435\u043b\u044c (\u043f\u043e\u0434\u043e\u0432\u0436\u0443\u0432\u0430\u0447) ODB \u0434\u043b\u044f \u043f\u0456\u0434\u043a\u043b\u044e\u0447\u0435\u043d\u043d\u044f GPS-\u0442\u0440\u0435\u043a\u0435\u0440\u0430 - \u0431\u043e\u0440\u0442\u043e\u0432\u043e\u0433\u043e \u0436\u0443\u0440\u043d\u0430\u043b\u0443 \u0432\u043e\u0434\u0456\u044f - \u043f\u0440\u043e\u0433\u0440\u0430\u043c\u0438 \u043e\u0431\u043b\u0456\u043a\u0443 \u043f\u0440\u043e\u0431\u0456\u0433\u0443","robots":{"index":"index","follow":"follow","max-snippet":"max-snippet:-1","max-image-preview":"max-image-preview:large","max-video-preview":"max-video-preview:-1"},"canonical":"https:\/\/kilometrowka.net\/uk\/\u043f\u0440\u043e\u0434\u0443\u043a\u0442\/\u043f\u043e\u0434\u043e\u0432\u0436\u0443\u0432\u0430\u0447-\u043a\u0430\u0431\u0435\u043b\u044e-cat-\u0434\u043b\u044f-\u043f\u0456\u0434\u043a\u043b\u044e\u0447\u0435\u043d\u043d\u044f-gps-\u0442\/","og_locale":"uk_UA","og_type":"article","og_title":"Kabel k\u0105towy (przed\u0142u\u017cacz) ODB na pod\u0142\u0105czenia GPS Trackera - Ewidencji przebiegu pojazdu - program do rozliczania kilometr&oacute;wki","og_description":"Przed\u0142u\u017cacz k\u0105towy do samochodowego z\u0142\u0105cza ODB ISO - idealny przy monta\u017cu trackera GPS.  &nbsp;","og_url":"https:\/\/kilometrowka.net\/uk\/\u043f\u0440\u043e\u0434\u0443\u043a\u0442\/\u043f\u043e\u0434\u043e\u0432\u0436\u0443\u0432\u0430\u0447-\u043a\u0430\u0431\u0435\u043b\u044e-cat-\u0434\u043b\u044f-\u043f\u0456\u0434\u043a\u043b\u044e\u0447\u0435\u043d\u043d\u044f-gps-\u0442\/","og_site_name":"Ewidencji przebiegu pojazdu - program do rozliczania kilometr&oacute;wki","article_publisher":"https:\/\/www.facebook.com\/profile.php?id=100088809532867","article_modified_time":"2026-04-07T18:24:01+00:00","og_image":[{"width":1920,"height":2560,"url":"https:\/\/kilometrowka.net\/wp-content\/uploads\/2026\/04\/kabel_katowy_odb_iso_przedluzacz.jpg","type":"image\/jpeg"}],"twitter_card":"summary_large_image","twitter_misc":{"\u041f\u0440\u0438\u0431\u043b. \u0447\u0430\u0441 \u0447\u0438\u0442\u0430\u043d\u043d\u044f":"1 \u0445\u0432\u0438\u043b\u0438\u043d\u0430"},"schema":{"@context":"https:\/\/schema.org","@graph":[{"@type":"WebPage","@id":"https:\/\/kilometrowka.net\/produkt\/kabel-katowy-przedluzacz-odb-na-podlaczenia-gps-trackera\/","url":"https:\/\/kilometrowka.net\/produkt\/kabel-katowy-przedluzacz-odb-na-podlaczenia-gps-trackera\/","name":"\u041a\u0443\u0442\u043e\u0432\u0438\u0439 \u043a\u0430\u0431\u0435\u043b\u044c (\u043f\u043e\u0434\u043e\u0432\u0436\u0443\u0432\u0430\u0447) ODB \u0434\u043b\u044f \u043f\u0456\u0434\u043a\u043b\u044e\u0447\u0435\u043d\u043d\u044f GPS-\u0442\u0440\u0435\u043a\u0435\u0440\u0430 - \u0431\u043e\u0440\u0442\u043e\u0432\u043e\u0433\u043e \u0436\u0443\u0440\u043d\u0430\u043b\u0443 \u0432\u043e\u0434\u0456\u044f - \u043f\u0440\u043e\u0433\u0440\u0430\u043c\u0438 \u043e\u0431\u043b\u0456\u043a\u0443 \u043f\u0440\u043e\u0431\u0456\u0433\u0443","isPartOf":{"@id":"https:\/\/kilometrowka.net\/#website"},"primaryImageOfPage":{"@id":"https:\/\/kilometrowka.net\/produkt\/kabel-katowy-przedluzacz-odb-na-podlaczenia-gps-trackera\/#primaryimage"},"image":{"@id":"https:\/\/kilometrowka.net\/produkt\/kabel-katowy-przedluzacz-odb-na-podlaczenia-gps-trackera\/#primaryimage"},"thumbnailUrl":"https:\/\/kilometrowka.net\/wp-content\/uploads\/2026\/04\/kabel_katowy_odb_iso_przedluzacz.jpg","datePublished":"2026-04-07T18:22:20+00:00","dateModified":"2026-04-07T18:24:01+00:00","breadcrumb":{"@id":"https:\/\/kilometrowka.net\/produkt\/kabel-katowy-przedluzacz-odb-na-podlaczenia-gps-trackera\/#breadcrumb"},"inLanguage":"uk","potentialAction":[{"@type":"ReadAction","target":["https:\/\/kilometrowka.net\/produkt\/kabel-katowy-przedluzacz-odb-na-podlaczenia-gps-trackera\/"]}]},{"@type":"ImageObject","inLanguage":"uk","@id":"https:\/\/kilometrowka.net\/produkt\/kabel-katowy-przedluzacz-odb-na-podlaczenia-gps-trackera\/#primaryimage","url":"https:\/\/kilometrowka.net\/wp-content\/uploads\/2026\/04\/kabel_katowy_odb_iso_przedluzacz.jpg","contentUrl":"https:\/\/kilometrowka.net\/wp-content\/uploads\/2026\/04\/kabel_katowy_odb_iso_przedluzacz.jpg","width":1920,"height":2560,"caption":"Samochodowy Kabel k\u0105towy (przed\u0142u\u017cacz) do z\u0142\u0105cza iso ODB na"},{"@type":"BreadcrumbList","@id":"https:\/\/kilometrowka.net\/produkt\/kabel-katowy-przedluzacz-odb-na-podlaczenia-gps-trackera\/#breadcrumb","itemListElement":[{"@type":"ListItem","position":1,"name":"Strona g\u0142\u00f3wna","item":"https:\/\/kilometrowka.net\/"},{"@type":"ListItem","position":2,"name":"Sklep","item":"https:\/\/kilometrowka.net\/en\/store\/"},{"@type":"ListItem","position":3,"name":"Kabel k\u0105towy (przed\u0142u\u017cacz) ODB na pod\u0142\u0105czenia GPS Trackera"}]},{"@type":"WebSite","@id":"https:\/\/kilometrowka.net\/#website","url":"https:\/\/kilometrowka.net\/","name":"\u0411\u043e\u0440\u0442\u043e\u0432\u0438\u0439 \u0436\u0443\u0440\u043d\u0430\u043b \u0432\u043e\u0434\u0456\u044f - \u043f\u0440\u043e\u0433\u0440\u0430\u043c\u043d\u0435 \u0437\u0430\u0431\u0435\u0437\u043f\u0435\u0447\u0435\u043d\u043d\u044f \u0434\u043b\u044f \u043d\u0430\u0440\u0430\u0445\u0443\u0432\u0430\u043d\u043d\u044f \u043f\u0440\u043e\u0431\u0456\u0433\u0443","description":"\u041f\u0440\u043e\u0433\u0440\u0430\u043c\u0430 \u0434\u043b\u044f \u0433\u0435\u043d\u0435\u0440\u0430\u0446\u0456\u0457 \u0442\u0430 \u043e\u0431\u043b\u0456\u043a\u0443 \u0434\u0430\u043d\u0438\u0445 \u043f\u0440\u043e \u043f\u0440\u043e\u0431\u0456\u0433","publisher":{"@id":"https:\/\/kilometrowka.net\/#organization"},"potentialAction":[{"@type":"SearchAction","target":{"@type":"EntryPoint","urlTemplate":"https:\/\/kilometrowka.net\/?s={search_term_string}"},"query-input":{"@type":"PropertyValueSpecification","valueRequired":true,"valueName":"search_term_string"}}],"inLanguage":"uk"},{"@type":"Organization","@id":"https:\/\/kilometrowka.net\/#organization","name":"\u0411\u043e\u0440\u0442\u043e\u0432\u0438\u0439 \u0436\u0443\u0440\u043d\u0430\u043b \u0432\u043e\u0434\u0456\u044f - \u043f\u0440\u043e\u0433\u0440\u0430\u043c\u043d\u0435 \u0437\u0430\u0431\u0435\u0437\u043f\u0435\u0447\u0435\u043d\u043d\u044f \u0434\u043b\u044f \u043d\u0430\u0440\u0430\u0445\u0443\u0432\u0430\u043d\u043d\u044f \u043f\u0440\u043e\u0431\u0456\u0433\u0443","url":"https:\/\/kilometrowka.net\/","logo":{"@type":"ImageObject","inLanguage":"uk","@id":"https:\/\/kilometrowka.net\/#\/schema\/logo\/image\/","url":"https:\/\/kilometrowka.net\/wp-content\/uploads\/2022\/12\/KilometrowkaLogo.png","contentUrl":"https:\/\/kilometrowka.net\/wp-content\/uploads\/2022\/12\/KilometrowkaLogo.png","width":500,"height":500,"caption":"Ewidencji przebiegu pojazdu - program do rozliczania kilometr\u00f3wki"},"image":{"@id":"https:\/\/kilometrowka.net\/#\/schema\/logo\/image\/"},"sameAs":["https:\/\/www.facebook.com\/profile.php?id=100088809532867"]}]}},"_links":{"self":[{"href":"https:\/\/kilometrowka.net\/uk\/wp-json\/wp\/v2\/product\/2820","targetHints":{"allow":["GET"]}}],"collection":[{"href":"https:\/\/kilometrowka.net\/uk\/wp-json\/wp\/v2\/product"}],"about":[{"href":"https:\/\/kilometrowka.net\/uk\/wp-json\/wp\/v2\/types\/product"}],"replies":[{"embeddable":true,"href":"https:\/\/kilometrowka.net\/uk\/wp-json\/wp\/v2\/comments?post=2820"}],"wp:featuredmedia":[{"embeddable":true,"href":"https:\/\/kilometrowka.net\/uk\/wp-json\/wp\/v2\/media\/2821"}],"wp:attachment":[{"href":"https:\/\/kilometrowka.net\/uk\/wp-json\/wp\/v2\/media?parent=2820"}],"wp:term":[{"taxonomy":"product_brand","embeddable":true,"href":"https:\/\/kilometrowka.net\/uk\/wp-json\/wp\/v2\/product_brand?post=2820"},{"taxonomy":"product_cat","embeddable":true,"href":"https:\/\/kilometrowka.net\/uk\/wp-json\/wp\/v2\/product_cat?post=2820"},{"taxonomy":"product_tag","embeddable":true,"href":"https:\/\/kilometrowka.net\/uk\/wp-json\/wp\/v2\/product_tag?post=2820"}],"curies":[{"name":"wp","href":"https:\/\/api.w.org\/{rel}","templated":true}]}}